{"id":2484,"date":"2023-06-11T13:23:06","date_gmt":"2023-06-11T16:23:06","guid":{"rendered":"https:\/\/hostalnamaste.com\/?page_id=2484"},"modified":"2023-06-11T13:29:18","modified_gmt":"2023-06-11T16:29:18","slug":"habitacion-doble-twin-bano-compartido","status":"publish","type":"page","link":"https:\/\/hostalnamaste.com\/en\/habitacion-doble-twin-bano-compartido\/","title":{"rendered":"Double twin room (Shared bathroom)"},"content":{"rendered":"<div data-elementor-type=\"wp-page\" data-elementor-id=\"2484\" class=\"elementor elementor-2484\">\n\t\t\t\t\t\t<section class=\"elementor-section elementor-top-section elementor-element elementor-element-f059dac elementor-section-boxed elementor-section-height-default elementor-section-height-default\" data-id=\"f059dac\" data-element_type=\"section\">\n\t\t\t\t\t\t<div class=\"elementor-container elementor-column-gap-default\">\n\t\t\t\t\t<div class=\"elementor-column elementor-col-33 elementor-top-column elementor-element elementor-element-2d665c2\" data-id=\"2d665c2\" data-element_type=\"column\">\n\t\t\t<div class=\"elementor-widget-wrap elementor-element-populated\">\n\t\t\t\t\t\t<div class=\"elementor-element elementor-element-03eed39 elementor-widget elementor-widget-image\" data-id=\"03eed39\" data-element_type=\"widget\" data-widget_type=\"image.default\">\n\t\t\t\t<div class=\"elementor-widget-container\">\n\t\t\t<style>\/*! elementor - v3.21.0 - 26-05-2024 *\/\n.elementor-widget-image{text-align:center}.elementor-widget-image a{display:inline-block}.elementor-widget-image a img[src$=\".svg\"]{width:48px}.elementor-widget-image img{vertical-align:middle;display:inline-block}<\/style>\t\t\t\t\t\t\t\t\t\t<img fetchpriority=\"high\" decoding=\"async\" width=\"1024\" height=\"768\" src=\"https:\/\/hostalnamaste.com\/wp-content\/uploads\/2023\/06\/WhatsApp-Image-2023-06-10-at-18.53.53-1.jpeg\" class=\"attachment-large size-large wp-image-2486\" alt=\"\" \/>\t\t\t\t\t\t\t\t\t\t\t\t\t<\/div>\n\t\t\t\t<\/div>\n\t\t\t\t\t<\/div>\n\t\t<\/div>\n\t\t\t\t<div class=\"elementor-column elementor-col-66 elementor-top-column elementor-element elementor-element-489503e\" data-id=\"489503e\" data-element_type=\"column\">\n\t\t\t<div class=\"elementor-widget-wrap elementor-element-populated\">\n\t\t\t\t\t\t<div class=\"elementor-element elementor-element-24d07cc elementor-widget elementor-widget-heading\" data-id=\"24d07cc\" data-element_type=\"widget\" data-widget_type=\"heading.default\">\n\t\t\t\t<div class=\"elementor-widget-container\">\n\t\t\t<style>\/*! elementor - v3.21.0 - 26-05-2024 *\/\n.elementor-heading-title{padding:0;margin:0;line-height:1}.elementor-widget-heading .elementor-heading-title[class*=elementor-size-]>a{color:inherit;font-size:inherit;line-height:inherit}.elementor-widget-heading .elementor-heading-title.elementor-size-small{font-size:15px}.elementor-widget-heading .elementor-heading-title.elementor-size-medium{font-size:19px}.elementor-widget-heading .elementor-heading-title.elementor-size-large{font-size:29px}.elementor-widget-heading .elementor-heading-title.elementor-size-xl{font-size:39px}.elementor-widget-heading .elementor-heading-title.elementor-size-xxl{font-size:59px}<\/style><h2 class=\"elementor-heading-title elementor-size-default\">Double twin room (Shared bathroom)<\/h2>\t\t<\/div>\n\t\t\t\t<\/div>\n\t\t\t\t<div class=\"elementor-element elementor-element-383add5 elementor-widget elementor-widget-text-editor\" data-id=\"383add5\" data-element_type=\"widget\" data-widget_type=\"text-editor.default\">\n\t\t\t\t<div class=\"elementor-widget-container\">\n\t\t\t<style>\/*! elementor - v3.21.0 - 26-05-2024 *\/\n.elementor-widget-text-editor.elementor-drop-cap-view-stacked .elementor-drop-cap{background-color:#69727d;color:#fff}.elementor-widget-text-editor.elementor-drop-cap-view-framed .elementor-drop-cap{color:#69727d;border:3px solid;background-color:transparent}.elementor-widget-text-editor:not(.elementor-drop-cap-view-default) .elementor-drop-cap{margin-top:8px}.elementor-widget-text-editor:not(.elementor-drop-cap-view-default) .elementor-drop-cap-letter{width:1em;height:1em}.elementor-widget-text-editor .elementor-drop-cap{float:left;text-align:center;line-height:1;font-size:50px}.elementor-widget-text-editor .elementor-drop-cap-letter{display:inline-block}<\/style>\t\t\t\t<ul><li>Equipped kitchen (industrial kitchen with 6 burners, oven, pizza maker, electric kettle, microwave, dishes, refrigerator)<\/li><li>100 mega internet<\/li><li>Spit<\/li><li>Shared bathroom<\/li><\/ul>\t\t\t\t\t\t<\/div>\n\t\t\t\t<\/div>\n\t\t\t\t<div class=\"elementor-element elementor-element-647f1c4 elementor-mobile-align-center elementor-align-center elementor-widget elementor-widget-button\" data-id=\"647f1c4\" data-element_type=\"widget\" data-widget_type=\"button.default\">\n\t\t\t\t<div class=\"elementor-widget-container\">\n\t\t\t\t\t<div class=\"elementor-button-wrapper\">\n\t\t\t<a class=\"elementor-button elementor-button-link elementor-size-sm\" href=\"https:\/\/wa.link\/uzmege\">\n\t\t\t\t\t\t<span class=\"elementor-button-content-wrapper\">\n\t\t\t\t\t\t\t\t\t<span class=\"elementor-button-text\">reserve<\/span>\n\t\t\t\t\t<\/span>\n\t\t\t\t\t<\/a>\n\t\t<\/div>\n\t\t\t\t<\/div>\n\t\t\t\t<\/div>\n\t\t\t\t\t<\/div>\n\t\t<\/div>\n\t\t\t\t\t<\/div>\n\t\t<\/section>\n\t\t\t\t<\/div>","protected":false},"excerpt":{"rendered":"<p>Habitaci\u00f3n doble twin (Ba\u00f1o compartido) Cocina equipada (cocina industrial de 6 hornallas, horno, pizzero, pava el\u00e9ctrica, microondas, vajilla, heladera) Internet de 100 megas Asador Ba\u00f1o Compartido reservar<\/p>","protected":false},"author":1,"featured_media":0,"parent":0,"menu_order":0,"comment_status":"closed","ping_status":"closed","template":"","meta":{"site-sidebar-layout":"no-sidebar","site-content-layout":"page-builder","ast-site-content-layout":"","site-content-style":"default","site-sidebar-style":"default","ast-global-header-display":"","ast-banner-title-visibility":"","ast-main-header-display":"","ast-hfb-above-header-display":"","ast-hfb-below-header-display":"","ast-hfb-mobile-header-display":"","site-post-title":"disabled","ast-breadcrumbs-content":"","ast-featured-img":"disabled","footer-sml-layout":"","theme-transparent-header-meta":"","adv-header-id-meta":"","stick-header-meta":"","header-above-stick-meta":"","header-main-stick-meta":"","header-below-stick-meta":"","astra-migrate-meta-layouts":"default","ast-page-background-enabled":"default","ast-page-background-meta":{"desktop":{"background-color":"","background-image":"","background-repeat":"repeat","background-position":"center center","background-size":"auto","background-attachment":"scroll","background-type":"","background-media":"","overlay-type":"","overlay-color":"","overlay-gradient":""},"tablet":{"background-color":"","background-image":"","background-repeat":"repeat","background-position":"center center","background-size":"auto","background-attachment":"scroll","background-type":"","background-media":"","overlay-type":"","overlay-color":"","overlay-gradient":""},"mobile":{"background-color":"","background-image":"","background-repeat":"repeat","background-position":"center center","background-size":"auto","background-attachment":"scroll","background-type":"","background-media":"","overlay-type":"","overlay-color":"","overlay-gradient":""}},"ast-content-background-meta":{"desktop":{"background-color":"var(--ast-global-color-5)","background-image":"","background-repeat":"repeat","background-position":"center center","background-size":"auto","background-attachment":"scroll","background-type":"","background-media":"","overlay-type":"","overlay-color":"","overlay-gradient":""},"tablet":{"background-color":"var(--ast-global-color-5)","background-image":"","background-repeat":"repeat","background-position":"center center","background-size":"auto","background-attachment":"scroll","background-type":"","background-media":"","overlay-type":"","overlay-color":"","overlay-gradient":""},"mobile":{"background-color":"var(--ast-global-color-5)","background-image":"","background-repeat":"repeat","background-position":"center center","background-size":"auto","background-attachment":"scroll","background-type":"","background-media":"","overlay-type":"","overlay-color":"","overlay-gradient":""}},"_joinchat":[],"footnotes":""},"yoast_head":"<!-- This site is optimized with the Yoast SEO plugin v22.8 - https:\/\/yoast.com\/wordpress\/plugins\/seo\/ -->\n<title>Habitaci\u00f3n doble twin (Ba\u00f1o compartido) - Hostal Namaste<\/title>\n<meta name=\"robots\" content=\"index, follow, max-snippet:-1, max-image-preview:large, max-video-preview:-1\" \/>\n<link rel=\"canonical\" href=\"https:\/\/hostalnamaste.com\/en\/habitacion-doble-twin-bano-compartido\/\" \/>\n<meta property=\"og:locale\" content=\"en_US\" \/>\n<meta property=\"og:type\" content=\"article\" \/>\n<meta property=\"og:title\" content=\"Habitaci\u00f3n doble twin (Ba\u00f1o compartido) - Hostal Namaste\" \/>\n<meta property=\"og:description\" content=\"Habitaci\u00f3n doble twin (Ba\u00f1o compartido) Cocina equipada (cocina industrial de 6 hornallas, horno, pizzero, pava el\u00e9ctrica, microondas, vajilla, heladera) Internet de 100 megas Asador Ba\u00f1o Compartido reservar\" \/>\n<meta property=\"og:url\" content=\"https:\/\/hostalnamaste.com\/en\/habitacion-doble-twin-bano-compartido\/\" \/>\n<meta property=\"og:site_name\" content=\"Hostal Namaste\" \/>\n<meta property=\"article:modified_time\" content=\"2023-06-11T16:29:18+00:00\" \/>\n<meta property=\"og:image\" content=\"https:\/\/hostalnamaste.com\/wp-content\/uploads\/2023\/06\/WhatsApp-Image-2023-06-10-at-18.53.53-1.jpeg\" \/>\n<meta name=\"twitter:card\" content=\"summary_large_image\" \/>\n<script type=\"application\/ld+json\" class=\"yoast-schema-graph\">{\"@context\":\"https:\/\/schema.org\",\"@graph\":[{\"@type\":\"WebPage\",\"@id\":\"https:\/\/hostalnamaste.com\/habitacion-doble-twin-bano-compartido\/\",\"url\":\"https:\/\/hostalnamaste.com\/habitacion-doble-twin-bano-compartido\/\",\"name\":\"Habitaci\u00f3n doble twin (Ba\u00f1o compartido) - Hostal Namaste\",\"isPartOf\":{\"@id\":\"https:\/\/hostalnamaste.com\/#website\"},\"primaryImageOfPage\":{\"@id\":\"https:\/\/hostalnamaste.com\/habitacion-doble-twin-bano-compartido\/#primaryimage\"},\"image\":{\"@id\":\"https:\/\/hostalnamaste.com\/habitacion-doble-twin-bano-compartido\/#primaryimage\"},\"thumbnailUrl\":\"https:\/\/hostalnamaste.com\/wp-content\/uploads\/2023\/06\/WhatsApp-Image-2023-06-10-at-18.53.53-1.jpeg\",\"datePublished\":\"2023-06-11T16:23:06+00:00\",\"dateModified\":\"2023-06-11T16:29:18+00:00\",\"breadcrumb\":{\"@id\":\"https:\/\/hostalnamaste.com\/habitacion-doble-twin-bano-compartido\/#breadcrumb\"},\"inLanguage\":\"en-US\",\"potentialAction\":[{\"@type\":\"ReadAction\",\"target\":[\"https:\/\/hostalnamaste.com\/habitacion-doble-twin-bano-compartido\/\"]}]},{\"@type\":\"ImageObject\",\"inLanguage\":\"en-US\",\"@id\":\"https:\/\/hostalnamaste.com\/habitacion-doble-twin-bano-compartido\/#primaryimage\",\"url\":\"https:\/\/hostalnamaste.com\/wp-content\/uploads\/2023\/06\/WhatsApp-Image-2023-06-10-at-18.53.53-1.jpeg\",\"contentUrl\":\"https:\/\/hostalnamaste.com\/wp-content\/uploads\/2023\/06\/WhatsApp-Image-2023-06-10-at-18.53.53-1.jpeg\"},{\"@type\":\"BreadcrumbList\",\"@id\":\"https:\/\/hostalnamaste.com\/habitacion-doble-twin-bano-compartido\/#breadcrumb\",\"itemListElement\":[{\"@type\":\"ListItem\",\"position\":1,\"name\":\"Inicio\",\"item\":\"https:\/\/hostalnamaste.com\/\"},{\"@type\":\"ListItem\",\"position\":2,\"name\":\"Habitaci\u00f3n doble twin (Ba\u00f1o compartido)\"}]},{\"@type\":\"WebSite\",\"@id\":\"https:\/\/hostalnamaste.com\/#website\",\"url\":\"https:\/\/hostalnamaste.com\/\",\"name\":\"Hostal Namaste\",\"description\":\"\",\"publisher\":{\"@id\":\"https:\/\/hostalnamaste.com\/#organization\"},\"potentialAction\":[{\"@type\":\"SearchAction\",\"target\":{\"@type\":\"EntryPoint\",\"urlTemplate\":\"https:\/\/hostalnamaste.com\/?s={search_term_string}\"},\"query-input\":\"required name=search_term_string\"}],\"inLanguage\":\"en-US\"},{\"@type\":\"Organization\",\"@id\":\"https:\/\/hostalnamaste.com\/#organization\",\"name\":\"Hostal Namaste\",\"url\":\"https:\/\/hostalnamaste.com\/\",\"logo\":{\"@type\":\"ImageObject\",\"inLanguage\":\"en-US\",\"@id\":\"https:\/\/hostalnamaste.com\/#\/schema\/logo\/image\/\",\"url\":\"https:\/\/hostalnamaste.com\/wp-content\/uploads\/2020\/02\/logo.jpeg\",\"contentUrl\":\"https:\/\/hostalnamaste.com\/wp-content\/uploads\/2020\/02\/logo.jpeg\",\"width\":990,\"height\":724,\"caption\":\"Hostal Namaste\"},\"image\":{\"@id\":\"https:\/\/hostalnamaste.com\/#\/schema\/logo\/image\/\"}}]}<\/script>\n<!-- \/ Yoast SEO plugin. -->","yoast_head_json":{"title":"Habitaci\u00f3n doble twin (Ba\u00f1o compartido) - Hostal Namaste","robots":{"index":"index","follow":"follow","max-snippet":"max-snippet:-1","max-image-preview":"max-image-preview:large","max-video-preview":"max-video-preview:-1"},"canonical":"https:\/\/hostalnamaste.com\/en\/habitacion-doble-twin-bano-compartido\/","og_locale":"en_US","og_type":"article","og_title":"Habitaci\u00f3n doble twin (Ba\u00f1o compartido) - Hostal Namaste","og_description":"Habitaci\u00f3n doble twin (Ba\u00f1o compartido) Cocina equipada (cocina industrial de 6 hornallas, horno, pizzero, pava el\u00e9ctrica, microondas, vajilla, heladera) Internet de 100 megas Asador Ba\u00f1o Compartido reservar","og_url":"https:\/\/hostalnamaste.com\/en\/habitacion-doble-twin-bano-compartido\/","og_site_name":"Hostal Namaste","article_modified_time":"2023-06-11T16:29:18+00:00","og_image":[{"url":"https:\/\/hostalnamaste.com\/wp-content\/uploads\/2023\/06\/WhatsApp-Image-2023-06-10-at-18.53.53-1.jpeg"}],"twitter_card":"summary_large_image","schema":{"@context":"https:\/\/schema.org","@graph":[{"@type":"WebPage","@id":"https:\/\/hostalnamaste.com\/habitacion-doble-twin-bano-compartido\/","url":"https:\/\/hostalnamaste.com\/habitacion-doble-twin-bano-compartido\/","name":"Habitaci\u00f3n doble twin (Ba\u00f1o compartido) - Hostal Namaste","isPartOf":{"@id":"https:\/\/hostalnamaste.com\/#website"},"primaryImageOfPage":{"@id":"https:\/\/hostalnamaste.com\/habitacion-doble-twin-bano-compartido\/#primaryimage"},"image":{"@id":"https:\/\/hostalnamaste.com\/habitacion-doble-twin-bano-compartido\/#primaryimage"},"thumbnailUrl":"https:\/\/hostalnamaste.com\/wp-content\/uploads\/2023\/06\/WhatsApp-Image-2023-06-10-at-18.53.53-1.jpeg","datePublished":"2023-06-11T16:23:06+00:00","dateModified":"2023-06-11T16:29:18+00:00","breadcrumb":{"@id":"https:\/\/hostalnamaste.com\/habitacion-doble-twin-bano-compartido\/#breadcrumb"},"inLanguage":"en-US","potentialAction":[{"@type":"ReadAction","target":["https:\/\/hostalnamaste.com\/habitacion-doble-twin-bano-compartido\/"]}]},{"@type":"ImageObject","inLanguage":"en-US","@id":"https:\/\/hostalnamaste.com\/habitacion-doble-twin-bano-compartido\/#primaryimage","url":"https:\/\/hostalnamaste.com\/wp-content\/uploads\/2023\/06\/WhatsApp-Image-2023-06-10-at-18.53.53-1.jpeg","contentUrl":"https:\/\/hostalnamaste.com\/wp-content\/uploads\/2023\/06\/WhatsApp-Image-2023-06-10-at-18.53.53-1.jpeg"},{"@type":"BreadcrumbList","@id":"https:\/\/hostalnamaste.com\/habitacion-doble-twin-bano-compartido\/#breadcrumb","itemListElement":[{"@type":"ListItem","position":1,"name":"Inicio","item":"https:\/\/hostalnamaste.com\/"},{"@type":"ListItem","position":2,"name":"Habitaci\u00f3n doble twin (Ba\u00f1o compartido)"}]},{"@type":"WebSite","@id":"https:\/\/hostalnamaste.com\/#website","url":"https:\/\/hostalnamaste.com\/","name":"Hostal Namaste","description":"","publisher":{"@id":"https:\/\/hostalnamaste.com\/#organization"},"potentialAction":[{"@type":"SearchAction","target":{"@type":"EntryPoint","urlTemplate":"https:\/\/hostalnamaste.com\/?s={search_term_string}"},"query-input":"required name=search_term_string"}],"inLanguage":"en-US"},{"@type":"Organization","@id":"https:\/\/hostalnamaste.com\/#organization","name":"Hostal Namaste","url":"https:\/\/hostalnamaste.com\/","logo":{"@type":"ImageObject","inLanguage":"en-US","@id":"https:\/\/hostalnamaste.com\/#\/schema\/logo\/image\/","url":"https:\/\/hostalnamaste.com\/wp-content\/uploads\/2020\/02\/logo.jpeg","contentUrl":"https:\/\/hostalnamaste.com\/wp-content\/uploads\/2020\/02\/logo.jpeg","width":990,"height":724,"caption":"Hostal Namaste"},"image":{"@id":"https:\/\/hostalnamaste.com\/#\/schema\/logo\/image\/"}}]}},"_links":{"self":[{"href":"https:\/\/hostalnamaste.com\/en\/wp-json\/wp\/v2\/pages\/2484"}],"collection":[{"href":"https:\/\/hostalnamaste.com\/en\/wp-json\/wp\/v2\/pages"}],"about":[{"href":"https:\/\/hostalnamaste.com\/en\/wp-json\/wp\/v2\/types\/page"}],"author":[{"embeddable":true,"href":"https:\/\/hostalnamaste.com\/en\/wp-json\/wp\/v2\/users\/1"}],"replies":[{"embeddable":true,"href":"https:\/\/hostalnamaste.com\/en\/wp-json\/wp\/v2\/comments?post=2484"}],"version-history":[{"count":4,"href":"https:\/\/hostalnamaste.com\/en\/wp-json\/wp\/v2\/pages\/2484\/revisions"}],"predecessor-version":[{"id":2489,"href":"https:\/\/hostalnamaste.com\/en\/wp-json\/wp\/v2\/pages\/2484\/revisions\/2489"}],"wp:attachment":[{"href":"https:\/\/hostalnamaste.com\/en\/wp-json\/wp\/v2\/media?parent=2484"}],"curies":[{"name":"wp","href":"https:\/\/api.w.org\/{rel}","templated":true}]}}